{"id":21,"date":"2020-02-18T21:00:49","date_gmt":"2020-02-18T21:00:49","guid":{"rendered":"http:\/\/www.daniel-laba.it\/Wordpress\/?page_id=21"},"modified":"2023-05-12T12:13:48","modified_gmt":"2023-05-12T12:13:48","slug":"strona-glowna","status":"publish","type":"page","link":"https:\/\/triathlonolesnica.pl\/new_site\/","title":{"rendered":"Strona g\u0142\u00f3wna"},"content":{"rendered":"\t\t<div data-elementor-type=\"wp-page\" data-elementor-id=\"21\" class=\"elementor elementor-21\">\n\t\t\t\t\t\t<div class=\"elementor-inner\">\n\t\t\t\t<div class=\"elementor-section-wrap\">\n\t\t\t\t\t\t\t\t\t<section class=\"elementor-section elementor-top-section elementor-element elementor-element-ab9af46 elementor-section-full_width elementor-section-height-default elementor-section-height-default\" data-id=\"ab9af46\" data-element_type=\"section\">\n\t\t\t\t\t\t<div class=\"elementor-container elementor-column-gap-default\">\n\t\t\t\t\t\t\t<div class=\"elementor-row\">\n\t\t\t\t\t<div class=\"elementor-column elementor-col-100 elementor-top-column elementor-element elementor-element-d5b3daa\" data-id=\"d5b3daa\" data-element_type=\"column\">\n\t\t\t<div class=\"elementor-column-wrap elementor-element-populated\">\n\t\t\t\t\t\t\t<div class=\"elementor-widget-wrap\">\n\t\t\t\t\t\t<section class=\"elementor-section elementor-inner-section elementor-element elementor-element-e055d01 elementor-section-boxed elementor-section-height-default elementor-section-height-default\" data-id=\"e055d01\" data-element_type=\"section\">\n\t\t\t\t\t\t<div class=\"elementor-container elementor-column-gap-default\">\n\t\t\t\t\t\t\t<div class=\"elementor-row\">\n\t\t\t\t\t<div class=\"elementor-column elementor-col-100 elementor-inner-column elementor-element elementor-element-a24271c\" data-id=\"a24271c\" data-element_type=\"column\">\n\t\t\t<div class=\"elementor-column-wrap elementor-element-populated\">\n\t\t\t\t\t\t\t<div class=\"elementor-widget-wrap\">\n\t\t\t\t\t\t<div class=\"elementor-element elementor-element-f64c9e9 elementor-widget elementor-widget-heading\" data-id=\"f64c9e9\" data-element_type=\"widget\" data-widget_type=\"heading.default\">\n\t\t\t\t<div class=\"elementor-widget-container\">\n\t\t\t<h2 class=\"elementor-heading-title elementor-size-default\">Transmisja LIVE z 5 edycji NSPF!<\/h2>\t\t<\/div>\n\t\t\t\t<\/div>\n\t\t\t\t<div class=\"elementor-element elementor-element-22b8d22 elementor-widget elementor-widget-html\" data-id=\"22b8d22\" data-element_type=\"widget\" data-widget_type=\"html.default\">\n\t\t\t\t<div class=\"elementor-widget-container\">\n\t\t\t<center><iframe style=\"width:640px; height:480px;\" allowfullscreen\nsrc=\"https:\/\/live.kamera24.pl\/test13\/embed.html\"><\/iframe><\/center>\t\t<\/div>\n\t\t\t\t<\/div>\n\t\t\t\t\t\t<\/div>\n\t\t\t\t\t<\/div>\n\t\t<\/div>\n\t\t\t\t\t\t\t\t<\/div>\n\t\t\t\t\t<\/div>\n\t\t<\/section>\n\t\t\t\t\t\t<\/div>\n\t\t\t\t\t<\/div>\n\t\t<\/div>\n\t\t\t\t\t\t\t\t<\/div>\n\t\t\t\t\t<\/div>\n\t\t<\/section>\n\t\t\t\t<section class=\"elementor-section elementor-top-section elementor-element elementor-element-5738653 elementor-section-full_width elementor-section-height-default elementor-section-height-default\" data-id=\"5738653\" data-element_type=\"section\">\n\t\t\t\t\t\t<div class=\"elementor-container elementor-column-gap-default\">\n\t\t\t\t\t\t\t<div class=\"elementor-row\">\n\t\t\t\t\t<div class=\"elementor-column elementor-col-100 elementor-top-column elementor-element elementor-element-6644bf3\" data-id=\"6644bf3\" data-element_type=\"column\">\n\t\t\t<div class=\"elementor-column-wrap elementor-element-populated\">\n\t\t\t\t\t\t\t<div class=\"elementor-widget-wrap\">\n\t\t\t\t\t\t<section class=\"elementor-section elementor-inner-section elementor-element elementor-element-c1ab03e elementor-section-boxed elementor-section-height-default elementor-section-height-default\" data-id=\"c1ab03e\" data-element_type=\"section\">\n\t\t\t\t\t\t<div class=\"elementor-container elementor-column-gap-default\">\n\t\t\t\t\t\t\t<div class=\"elementor-row\">\n\t\t\t\t\t<div class=\"elementor-column elementor-col-100 elementor-inner-column elementor-element elementor-element-3c46653\" data-id=\"3c46653\" data-element_type=\"column\">\n\t\t\t<div class=\"elementor-column-wrap elementor-element-populated\">\n\t\t\t\t\t\t\t<div class=\"elementor-widget-wrap\">\n\t\t\t\t\t\t<div class=\"elementor-element elementor-element-e243543 elementor-widget elementor-widget-heading\" data-id=\"e243543\" data-element_type=\"widget\" data-widget_type=\"heading.default\">\n\t\t\t\t<div class=\"elementor-widget-container\">\n\t\t\t<h2 class=\"elementor-heading-title elementor-size-default\">Misja<\/h2>\t\t<\/div>\n\t\t\t\t<\/div>\n\t\t\t\t<div class=\"elementor-element elementor-element-dca5fe0 elementor-widget elementor-widget-text-editor\" data-id=\"dca5fe0\" data-element_type=\"widget\" data-widget_type=\"text-editor.default\">\n\t\t\t\t<div class=\"elementor-widget-container\">\n\t\t\t\t\t\t\t\t<div class=\"elementor-text-editor elementor-clearfix\">\n\t\t\t\t<p style=\"text-align: center;\">Z pasj\u0105 i zaanga\u017cowaniem, wspieramy wszystkich zainteresowanych uprawianiem Triathlonu, poprzez\u00a0indywidualny dob\u00f3r plan\u00f3w treningowych oraz dba\u0142o\u015b\u0107 w szczeg\u00f3\u0142ach o zr\u00f3wnowa\u017cony rozw\u00f3j oraz\u00a0u\u015bmiech na mecie.<\/p>\t\t\t\t\t<\/div>\n\t\t\t\t\t\t<\/div>\n\t\t\t\t<\/div>\n\t\t\t\t\t\t<\/div>\n\t\t\t\t\t<\/div>\n\t\t<\/div>\n\t\t\t\t\t\t\t\t<\/div>\n\t\t\t\t\t<\/div>\n\t\t<\/section>\n\t\t\t\t<section class=\"elementor-section elementor-inner-section elementor-element elementor-element-bfe0f90 elementor-section-boxed elementor-section-height-default elementor-section-height-default\" data-id=\"bfe0f90\" data-element_type=\"section\">\n\t\t\t\t\t\t<div class=\"elementor-container elementor-column-gap-default\">\n\t\t\t\t\t\t\t<div class=\"elementor-row\">\n\t\t\t\t\t<div class=\"elementor-column elementor-col-100 elementor-inner-column elementor-element elementor-element-d62f276\" data-id=\"d62f276\" data-element_type=\"column\">\n\t\t\t<div class=\"elementor-column-wrap elementor-element-populated\">\n\t\t\t\t\t\t\t<div class=\"elementor-widget-wrap\">\n\t\t\t\t\t\t<div class=\"elementor-element elementor-element-d8b87d6 elementor-widget elementor-widget-heading\" data-id=\"d8b87d6\" data-element_type=\"widget\" data-widget_type=\"heading.default\">\n\t\t\t\t<div class=\"elementor-widget-container\">\n\t\t\t<h2 class=\"elementor-heading-title elementor-size-default\">Wizja<\/h2>\t\t<\/div>\n\t\t\t\t<\/div>\n\t\t\t\t\t\t<\/div>\n\t\t\t\t\t<\/div>\n\t\t<\/div>\n\t\t\t\t\t\t\t\t<\/div>\n\t\t\t\t\t<\/div>\n\t\t<\/section>\n\t\t\t\t<div class=\"elementor-element elementor-element-c948898 elementor-widget elementor-widget-text-editor\" data-id=\"c948898\" data-element_type=\"widget\" data-widget_type=\"text-editor.default\">\n\t\t\t\t<div class=\"elementor-widget-container\">\n\t\t\t\t\t\t\t\t<div class=\"elementor-text-editor elementor-clearfix\">\n\t\t\t\t<p style=\"text-align: center;\">Nasze dzia\u0142ania treningowe, opieramy przede wszystkim o zasady zdrowego trybu \u017cycia, kt\u00f3re\u00a0ka\u017cdemu umo\u017cliwiaj\u0105 przygotowanie si\u0119 do swojego pierwszego triathlonu oraz pokonanie w\u0142asnych\u00a0s\u0142abo\u015bci.<\/p>\t\t\t\t\t<\/div>\n\t\t\t\t\t\t<\/div>\n\t\t\t\t<\/div>\n\t\t\t\t<section class=\"elementor-section elementor-inner-section elementor-element elementor-element-e40527e elementor-section-boxed elementor-section-height-default elementor-section-height-default\" data-id=\"e40527e\" data-element_type=\"section\">\n\t\t\t\t\t\t<div class=\"elementor-container elementor-column-gap-default\">\n\t\t\t\t\t\t\t<div class=\"elementor-row\">\n\t\t\t\t\t<div class=\"elementor-column elementor-col-100 elementor-inner-column elementor-element elementor-element-c45b6dd\" data-id=\"c45b6dd\" data-element_type=\"column\">\n\t\t\t<div class=\"elementor-column-wrap elementor-element-populated\">\n\t\t\t\t\t\t\t<div class=\"elementor-widget-wrap\">\n\t\t\t\t\t\t<div class=\"elementor-element elementor-element-63a1308 elementor-widget elementor-widget-heading\" data-id=\"63a1308\" data-element_type=\"widget\" data-widget_type=\"heading.default\">\n\t\t\t\t<div class=\"elementor-widget-container\">\n\t\t\t<h2 class=\"elementor-heading-title elementor-size-default\">Warto\u015bci<\/h2>\t\t<\/div>\n\t\t\t\t<\/div>\n\t\t\t\t\t\t<\/div>\n\t\t\t\t\t<\/div>\n\t\t<\/div>\n\t\t\t\t\t\t\t\t<\/div>\n\t\t\t\t\t<\/div>\n\t\t<\/section>\n\t\t\t\t<div class=\"elementor-element elementor-element-34c57b2 elementor-align-center elementor-list-item-link-full_width elementor-widget elementor-widget-icon-list\" data-id=\"34c57b2\" data-element_type=\"widget\" data-widget_type=\"icon-list.default\">\n\t\t\t\t<div class=\"elementor-widget-container\">\n\t\t\t\t\t<ul class=\"elementor-icon-list-items\">\n\t\t\t\t\t\t\t<li class=\"elementor-icon-list-item\">\n\t\t\t\t\t\t\t\t\t\t\t<span class=\"elementor-icon-list-icon\">\n\t\t\t\t\t\t\t<i aria-hidden=\"true\" class=\"fas fa-check\"><\/i>\t\t\t\t\t\t<\/span>\n\t\t\t\t\t\t\t\t\t\t<span class=\"elementor-icon-list-text\">Zdrowie<\/span>\n\t\t\t\t\t\t\t\t\t<\/li>\n\t\t\t\t\t\t\t\t<li class=\"elementor-icon-list-item\">\n\t\t\t\t\t\t\t\t\t\t\t<span class=\"elementor-icon-list-icon\">\n\t\t\t\t\t\t\t<i aria-hidden=\"true\" class=\"fas fa-check\"><\/i>\t\t\t\t\t\t<\/span>\n\t\t\t\t\t\t\t\t\t\t<span class=\"elementor-icon-list-text\">Rozw\u00f3j<\/span>\n\t\t\t\t\t\t\t\t\t<\/li>\n\t\t\t\t\t\t\t\t<li class=\"elementor-icon-list-item\">\n\t\t\t\t\t\t\t\t\t\t\t<span class=\"elementor-icon-list-icon\">\n\t\t\t\t\t\t\t<i aria-hidden=\"true\" class=\"fas fa-check\"><\/i>\t\t\t\t\t\t<\/span>\n\t\t\t\t\t\t\t\t\t\t<span class=\"elementor-icon-list-text\">Zadowolenie<\/span>\n\t\t\t\t\t\t\t\t\t<\/li>\n\t\t\t\t\t\t\t\t<li class=\"elementor-icon-list-item\">\n\t\t\t\t\t\t\t\t\t\t\t<span class=\"elementor-icon-list-icon\">\n\t\t\t\t\t\t\t<i aria-hidden=\"true\" class=\"fas fa-check\"><\/i>\t\t\t\t\t\t<\/span>\n\t\t\t\t\t\t\t\t\t\t<span class=\"elementor-icon-list-text\">Szacunek<\/span>\n\t\t\t\t\t\t\t\t\t<\/li>\n\t\t\t\t\t\t\t\t<li class=\"elementor-icon-list-item\">\n\t\t\t\t\t\t\t\t\t\t\t<span class=\"elementor-icon-list-icon\">\n\t\t\t\t\t\t\t<i aria-hidden=\"true\" class=\"fas fa-check\"><\/i>\t\t\t\t\t\t<\/span>\n\t\t\t\t\t\t\t\t\t\t<span class=\"elementor-icon-list-text\">Integracja<\/span>\n\t\t\t\t\t\t\t\t\t<\/li>\n\t\t\t\t\t\t\t\t<li class=\"elementor-icon-list-item\">\n\t\t\t\t\t\t\t\t\t\t\t<span class=\"elementor-icon-list-icon\">\n\t\t\t\t\t\t\t<i aria-hidden=\"true\" class=\"fas fa-check\"><\/i>\t\t\t\t\t\t<\/span>\n\t\t\t\t\t\t\t\t\t\t<span class=\"elementor-icon-list-text\">Team Spirit<\/span>\n\t\t\t\t\t\t\t\t\t<\/li>\n\t\t\t\t\t\t<\/ul>\n\t\t\t\t<\/div>\n\t\t\t\t<\/div>\n\t\t\t\t\t\t<\/div>\n\t\t\t\t\t<\/div>\n\t\t<\/div>\n\t\t\t\t\t\t\t\t<\/div>\n\t\t\t\t\t<\/div>\n\t\t<\/section>\n\t\t\t\t<section class=\"elementor-section elementor-top-section elementor-element elementor-element-ed2ecec elementor-section-boxed elementor-section-height-default elementor-section-height-default\" data-id=\"ed2ecec\" data-element_type=\"section\">\n\t\t\t\t\t\t<div class=\"elementor-container elementor-column-gap-default\">\n\t\t\t\t\t\t\t<div class=\"elementor-row\">\n\t\t\t\t\t<div class=\"elementor-column elementor-col-100 elementor-top-column elementor-element elementor-element-4d13b1b\" data-id=\"4d13b1b\" data-element_type=\"column\">\n\t\t\t<div class=\"elementor-column-wrap elementor-element-populated\">\n\t\t\t\t\t\t\t<div class=\"elementor-widget-wrap\">\n\t\t\t\t\t\t<div class=\"elementor-element elementor-element-f2bc9d6 elementor-widget elementor-widget-heading\" data-id=\"f2bc9d6\" data-element_type=\"widget\" data-widget_type=\"heading.default\">\n\t\t\t\t<div class=\"elementor-widget-container\">\n\t\t\t<h2 class=\"elementor-heading-title elementor-size-default\">Recenzje<\/h2>\t\t<\/div>\n\t\t\t\t<\/div>\n\t\t\t\t<div class=\"elementor-element elementor-element-2b83b86 elementor-widget elementor-widget-text-editor\" data-id=\"2b83b86\" data-element_type=\"widget\" data-widget_type=\"text-editor.default\">\n\t\t\t\t<div class=\"elementor-widget-container\">\n\t\t\t\t\t\t\t\t<div class=\"elementor-text-editor elementor-clearfix\">\n\t\t\t\t<style id=\"sp_testimonial_dynamic_css6437\">#sp-testimonial-free-wrapper-6437 .sp-testimonial-free-section .testimonial-pagination span.swiper-pagination-bullet{background: #cccccc;}#sp-testimonial-free-wrapper-6437 .sp-testimonial-free-section .testimonial-pagination span.swiper-pagination-bullet.swiper-pagination-bullet-active{background: #1595ce;}#sp-testimonial-free-wrapper-6437 .sp-testimonial-free-section .testimonial-nav-arrow{background: transparent;border: 2px solid #777777;color: #777777;}#sp-testimonial-free-wrapper-6437 .sp-testimonial-free-section .testimonial-nav-arrow:hover {background: rgba(21,149,206,0);border-color: #ff0000;color: #ff0000;}#sp-testimonial-free-wrapper-6437 .sp-testimonial-free-section{padding: 0 50px;}#sp-testimonial-free-wrapper-6437 .sp-testimonial-free-section .sp-testimonial-client-name{color: #ffffff;}#sp-testimonial-free-wrapper-6437 .sp-testimonial-free-section .sp-testimonial-client-testimonial{color: #ffffff;}<\/style><div id=\"sp-testimonial-free-wrapper-6437\" class=\"sp-testimonial-free-wrapper\"><div id=\"sp-testimonial-free-6437\" class=\"sp-testimonial-free-section tfree-style-theme-one\" dir=\"ltr\" data-preloader=\"0\" data-swiper='{\"dots\": true, \"adaptiveHeight\": true, \"pauseOnHover\": true, \"slidesToShow\": 1, \"speed\": 600, \"arrows\": true, \"autoplay\": true, \"autoplaySpeed\": 3000, \"swipe\": true, \"swipeToSlide\": false, \"draggable\": true, \"freeMode\": false, \"rtl\": false, \"infinite\": true,\"slidesPerView\": {\"lg_desktop\":1 , \"desktop\": 1, \"laptop\":1 , \"tablet\": 1, \"mobile\": 1},\"navigation_mobile\": true, \"pagination_mobile\":true, \"autoplay_mobile\":false}' ><div class=\"swiper-wrapper\"><div class=\"sp-testimonial-item swiper-slide\"><div class=\"sp-testimonial-free\"><div class=\"sp-testimonial-client-testimonial\"><div class=\"sp-testimonial-content\"><p class=\"p1\">Sportem interesuj\u0119 si\u0119 od d\u0142u\u017cszego czasu. Zacz\u0119\u0142o si\u0119 od rekreacyjnego p\u0142ywania, biegania i sporadycznej jazdy na rowerze. Z czasem zacz\u0119\u0142am testowa\u0107 w\u0142asne mo\u017cliwo\u015bci i stawia\u0107 przed sob\u0105 nowe wyzwania, a sport sta\u0142 si\u0119 moj\u0105 pasj\u0105. I tak postanowi\u0142am spr\u00f3bowa\u0107 swoich si\u0142 w triathlonie.<\/p><p class=\"p1\">Najwi\u0119kszym wyzwaniem by\u0142o p\u0142ywanie, lecz dzi\u0119ki pracy trenera pokona\u0142am l\u0119ki, zwi\u0119kszy\u0142a si\u0119 moja wytrzyma\u0142o\u015b\u0107, oraz przyswoi\u0142am prawid\u0142owa technik\u0119.<\/p><p class=\"p1\">Profesjonalnie przygotowane, zr\u00f3\u017cnicowane i modyfikowane wed\u0142ug potrzeb plany treningowe, ci\u0105gle wzmacniaj\u0105 moje cia\u0142o, poprawiaj\u0105 kondycj\u0119 oraz osi\u0105gane wyniki.<\/p><p class=\"p1\">Ponadto grup\u0119 OGT tworzy fajna paczka, pozytywnie nastawionych i pomocnych ludzi.<\/p><p class=\"p1\">Dzi\u0119ki OGT walcz\u0119 ze swoimi s\u0142abo\u015bciami i pokonuje kolejne bariery, kt\u00f3re jeszcze niedawno by\u0142y dla mnie nie do osi\u0105gni\u0119cia.<\/p><\/div><\/div><h4 class=\"sp-testimonial-client-name\">Katarzyna Szarek<\/h4><\/div> <\/div> <div class=\"sp-testimonial-item swiper-slide\"><div class=\"sp-testimonial-free\"><div class=\"sp-testimonial-client-testimonial\"><div class=\"sp-testimonial-content\"><p class=\"p1\">Jestem w OGT ze wzgl\u0119du na atmosfer\u0119 i ci\u0105g\u0142y rozw\u00f3j siebie oraz<span class=\"Apple-converted-space\">\u00a0 <\/span>przesuwania swoich granic.<\/p><p class=\"p1\">Dzi\u0119ki OGT odnalaz\u0142em cel, do kt\u00f3rego chc\u0119 d\u0105\u017cy\u0107, i wiem, w kt\u00f3r\u0105 stron\u0119 chc\u0119 i\u015b\u0107 przez najbli\u017csze lata.<\/p><\/div><\/div><h4 class=\"sp-testimonial-client-name\">Wiktor Twardowski<\/h4><\/div> <\/div> <div class=\"sp-testimonial-item swiper-slide\"><div class=\"sp-testimonial-free\"><div class=\"sp-testimonial-client-testimonial\"><div class=\"sp-testimonial-content\"><p class=\"p1\">Trafi\u0142em do OGT w 2017 . Jestem w grupie ju\u017c 3 lata, i na razie nie zanosi si\u0119 na zmiany\u2026<\/p><p class=\"p1\">Pasuje mi to \u017ce nie ma presji wynik\u00f3w, chyba \u017ce kto\u015b sobie to sam postawi za priorytet. Mam tu stabilizacj\u0119 ( opieka trenerska, wsparcie koleg\u00f3w z grupy, dobra kole\u017ce\u0144ska atmosfera ). Du\u017co osi\u0105gn\u0105\u0142em sportowo sam dla siebie, udowodni\u0142em, \u017ce mimo wieku nie ma barier. Co wi\u0119cej pewnie mo\u017cna zosta\u0107 Mistrzem Polski a nawet \u015awiata ale po MP Malbork troch\u0119 zmieni\u0142em sw\u00f3j \u015bwiatopogl\u0105d, mo\u017cna ale nie trzeba. I to w\u0142a\u015bnie zrozumia\u0142em dzi\u0119ki temu \u017ce jestem w OGT, patrz\u0105c na innych wiem,<span class=\"Apple-converted-space\">\u00a0 <\/span>\u017ce mo\u017cna te\u017c trenowa\u0107 i bawi\u0107 si\u0119 triathlonem, co nie eliminuje start\u00f3w w imprezach rangi MP marz\u0105c o jak najlepszym wyniku ale nic na si\u0142\u0119, fajnie jest pojecha\u0107 grup\u0105 na zawody, ubra\u0107 si\u0119 w klubowe ciuchy, wystartowa\u0107 razem, posiedzie\u0107 pod namiotem przy piwku, wtedy naprawd\u0119 cz\u0142owiek czuje \u017ce jest sens w tym co robimy dla siebie, swojego zdrowia i \u017cycia, no i dla naszych rodzin, kt\u00f3re tak naprawd\u0119 s\u0105 cz\u0119\u015bci\u0105 naszych wyjazd\u00f3w. Fajne jest to, \u017ce tak naprawd\u0119 OGT to jest taka ma\u0142a rodzinka i chcia\u0142bym \u017ceby tak zosta\u0142o.<\/p><\/div><\/div><h4 class=\"sp-testimonial-client-name\">Tomasz Kubicki<\/h4><\/div> <\/div> <div class=\"sp-testimonial-item swiper-slide\"><div class=\"sp-testimonial-free\"><div class=\"sp-testimonial-client-testimonial\"><div class=\"sp-testimonial-content\"><p class=\"p1\"><span class=\"s1\">Dlaczego jestem w OGT?<\/span><\/p><p class=\"p1\"><span class=\"s1\">Nowe wyzwania, <\/span><span class=\"s1\">aktywno\u015b\u0107 fizyczna, <\/span><span class=\"s1\">nowe znajomo\u015bci, <\/span><span class=\"s1\">wsp\u00f3lne cele, <\/span><span class=\"s1\">integracja, <\/span><span class=\"s1\">rozw\u00f3j, <\/span><span class=\"s1\">zabawa<\/span><\/p><p class=\"p3\">Co zrobi\u0142em dla siebie w OGT?<\/p><p class=\"p3\">Otrzyma\u0142em mo\u017cliwo\u015b\u0107 szkolenia si\u0119, pog\u0142\u0119bienia wiedzy w dziedzinie zdrowego trybu \u017cycia, mo\u017cliwo\u015b\u0107 tworzenia i uczestnictwa w projektach sportowo spo\u0142eczno\u015bciowych.<\/p><\/div><\/div><h4 class=\"sp-testimonial-client-name\">Piotr Szelerski<\/h4><\/div> <\/div> <div class=\"sp-testimonial-item swiper-slide\"><div class=\"sp-testimonial-free\"><div class=\"sp-testimonial-client-testimonial\"><div class=\"sp-testimonial-content\"><p class=\"p1\">Zawsze lubi\u0142em sport, od paru lat \u0107wicz\u0119 na si\u0142owni, biegam, p\u0142ywam je\u017cd\u017c\u0119 rowerem.<\/p><p class=\"p1\">Do OGT do\u0142\u0105czy\u0142em stosunkowo niedawno, ale z moich obserwacji widz\u0119 potencja\u0142 i mo\u017cliwo\u015b\u0107 rozwijania swoich umiej\u0119tno\u015bci, poprawy wynik\u00f3w i stawiania sobie coraz wy\u017cszych cel\u00f3w.<\/p><p class=\"p1\">Dodatkowo super zgrana ekipa, kt\u00f3ra r\u00f3wnie\u017c daje du\u017co wsparcia i motywuje do dzia\u0142ania.<\/p><p class=\"p1\">Na razie w OGT sprawdzi\u0142em si\u0119 w duathlonach, ale licz\u0119 ze w tym sezonie b\u0119d\u0119 mia\u0142 mo\u017cliwo\u015b\u0107 sprawdzi\u0107 si\u0119 na jakim\u015b dystansie w triathlonie.<\/p><\/div><\/div><h4 class=\"sp-testimonial-client-name\">Marcin Szelerski<\/h4><\/div> <\/div> <\/div><div class=\"swiper-pagination testimonial-pagination\"><\/div><div class=\"swiper-button-prev testimonial-nav-arrow\"><i class=\"fa fa-angle-left\"><\/i><\/div><div class=\"swiper-button-next testimonial-nav-arrow\"><i class=\"fa fa-angle-right\"><\/i><\/div><\/div><\/div>\t\t\t\t\t<\/div>\n\t\t\t\t\t\t<\/div>\n\t\t\t\t<\/div>\n\t\t\t\t\t\t<\/div>\n\t\t\t\t\t<\/div>\n\t\t<\/div>\n\t\t\t\t\t\t\t\t<\/div>\n\t\t\t\t\t<\/div>\n\t\t<\/section>\n\t\t\t\t\t\t\t\t\t<\/div>\n\t\t\t<\/div>\n\t\t\t\t\t<\/div>\n\t\t","protected":false},"excerpt":{"rendered":"<p>Transmisja LIVE z 5 edycji NSPF! Misja Z pasj\u0105 i zaanga\u017cowaniem, wspieramy wszystkich zainteresowanych uprawianiem Triathlonu, poprzez\u00a0indywidualny dob\u00f3r plan\u00f3w treningowych oraz dba\u0142o\u015b\u0107 w szczeg\u00f3\u0142ach o zr\u00f3wnowa\u017cony rozw\u00f3j oraz\u00a0u\u015bmiech na mecie.<\/p>\n<p class=\"more-link\"><a href=\"https:\/\/triathlonolesnica.pl\/new_site\/spt_testimonial\/marcin-szelerski\/\" class=\"readmore\">Czytaj dalej&#8230;<span class=\"screen-reader-text\">Marcin Szelerski<\/span><\/a><\/p>\n","protected":false},"author":1,"featured_media":0,"parent":0,"menu_order":0,"comment_status":"closed","ping_status":"closed","template":"","meta":[],"_links":{"self":[{"href":"https:\/\/triathlonolesnica.pl\/new_site\/wp-json\/wp\/v2\/pages\/21"}],"collection":[{"href":"https:\/\/triathlonolesnica.pl\/new_site\/wp-json\/wp\/v2\/pages"}],"about":[{"href":"https:\/\/triathlonolesnica.pl\/new_site\/wp-json\/wp\/v2\/types\/page"}],"author":[{"embeddable":true,"href":"https:\/\/triathlonolesnica.pl\/new_site\/wp-json\/wp\/v2\/users\/1"}],"replies":[{"embeddable":true,"href":"https:\/\/triathlonolesnica.pl\/new_site\/wp-json\/wp\/v2\/comments?post=21"}],"version-history":[{"count":43,"href":"https:\/\/triathlonolesnica.pl\/new_site\/wp-json\/wp\/v2\/pages\/21\/revisions"}],"predecessor-version":[{"id":6605,"href":"https:\/\/triathlonolesnica.pl\/new_site\/wp-json\/wp\/v2\/pages\/21\/revisions\/6605"}],"wp:attachment":[{"href":"https:\/\/triathlonolesnica.pl\/new_site\/wp-json\/wp\/v2\/media?parent=21"}],"curies":[{"name":"wp","href":"https:\/\/api.w.org\/{rel}","templated":true}]}}